{"id":50,"date":"2020-10-13T14:15:35","date_gmt":"2020-10-13T12:15:35","guid":{"rendered":"https:\/\/www.willewike.frl\/?page_id=50"},"modified":"2020-10-13T16:46:33","modified_gmt":"2020-10-13T14:46:33","slug":"bestjoer","status":"publish","type":"page","link":"https:\/\/www.willewike.frl\/index.php\/bestjoer\/","title":{"rendered":"Bestjoer"},"content":{"rendered":"\n<p>Net in stifting s\u00fbnder bestjoer. De WilleWike wurdt s\u00fbnt in tal jierren organisearre troch de Stifting Tsjille en Wille (KvK: 01139820). Dizze stifting soarget elts jier foar de oanfraach fan de subsydzje by de provinsje, it tafersjoch op de webside, de fin\u00e2nsjes, de organisaasje, de lieding en de oanmeldings.<\/p>\n\n\n\n<h2 class=\"wp-block-heading\">It bestjoer is op dit stuit sa:<\/h2>\n\n\n\n<p><em>Sanne de Jong &#8211; foarsitter<\/em><\/p>\n\n\n\n<p><em>Rene Wielinga &#8211; pongh\u00e2lder<\/em><\/p>\n\n\n\n<p><em>Pieter Duijff &#8211; sekretaris<\/em><\/p>\n\n\n\n<p><em>Imelda Torensma &#8211; lid<\/em><\/p>\n\n\n\n<p><strong>Eareleden<\/strong><\/p>\n\n\n\n<p>Dit binne \u00e2ld-leden dy&#8217;t de \u00f4fr\u00fbne jierren in soad betsjutte hawwe foar de stifting. Se binne troch it bestjoer beneamd ta earelid en se fertsjinje it d\u00earom om mei eare neamd te wurden op \u00fas webside:<\/p>\n\n\n\n<p><em>Fokke Jagersma<\/em><\/p>\n\n\n\n<p><em>Cees Visser<\/em><\/p>\n","protected":false},"excerpt":{"rendered":"<p>Net in stifting s\u00fbnder bestjoer. De WilleWike wurdt s\u00fbnt in tal jierren organisearre troch de Stifting Tsjille en Wille (KvK: 01139820). Dizze stifting soarget elts jier foar de oanfraach fan de subsydzje by de provinsje, &hellip;<\/p>\n","protected":false},"author":1,"featured_media":0,"parent":0,"menu_order":0,"comment_status":"closed","ping_status":"closed","template":"","meta":{"footnotes":""},"_links":{"self":[{"href":"https:\/\/www.willewike.frl\/index.php\/wp-json\/wp\/v2\/pages\/50"}],"collection":[{"href":"https:\/\/www.willewike.frl\/index.php\/wp-json\/wp\/v2\/pages"}],"about":[{"href":"https:\/\/www.willewike.frl\/index.php\/wp-json\/wp\/v2\/types\/page"}],"author":[{"embeddable":true,"href":"https:\/\/www.willewike.frl\/index.php\/wp-json\/wp\/v2\/users\/1"}],"replies":[{"embeddable":true,"href":"https:\/\/www.willewike.frl\/index.php\/wp-json\/wp\/v2\/comments?post=50"}],"version-history":[{"count":3,"href":"https:\/\/www.willewike.frl\/index.php\/wp-json\/wp\/v2\/pages\/50\/revisions"}],"predecessor-version":[{"id":110,"href":"https:\/\/www.willewike.frl\/index.php\/wp-json\/wp\/v2\/pages\/50\/revisions\/110"}],"wp:attachment":[{"href":"https:\/\/www.willewike.frl\/index.php\/wp-json\/wp\/v2\/media?parent=50"}],"curies":[{"name":"wp","href":"https:\/\/api.w.org\/{rel}","templated":true}]}}