{"id":51,"date":"2020-10-13T14:15:35","date_gmt":"2020-10-13T12:15:35","guid":{"rendered":"https:\/\/www.willewike.frl\/?page_id=51"},"modified":"2020-10-13T14:49:00","modified_gmt":"2020-10-13T12:49:00","slug":"lieding","status":"publish","type":"page","link":"https:\/\/www.willewike.frl\/index.php\/lieding\/","title":{"rendered":"Lieding"},"content":{"rendered":"\n<p>Elts jier gean der yn elts gefal fiif begelieders mei. Twa soargje foar it \u00fbnderwiisprogramma, twa soargje foar de oare aktiviteiten en ien is algehiel begeliedend en stypjend w\u00ear nedich. Us begelieders binne dwaande mei harren PABU- of learare-oplieding of binne learkr\u00eaften \u00fat it basis\u00fbnderwiis of it fuortset \u00fbnderwiis. Wy sette ek graach minsken yn dy\u2019t yn harren jeugd sels mei west hawwe mei de WilleWike, of d\u00earfoar de Skriuwwike.<\/p>\n\n\n\n<h3 class=\"wp-block-heading\">De lieding dy\u2019t mei de Willewike 2019 mei sil:<\/h3>\n\n\n\n<figure class=\"wp-block-image size-large\"><img loading=\"lazy\" decoding=\"async\" width=\"724\" height=\"1024\" src=\"https:\/\/www.willewike.frl\/wp-content\/uploads\/2020\/10\/8B43723A-02BA-412D-98C3-E35DB7BBA3B2-724x1024.png\" alt=\"\" class=\"wp-image-78\" srcset=\"https:\/\/www.willewike.frl\/wp-content\/uploads\/2020\/10\/8B43723A-02BA-412D-98C3-E35DB7BBA3B2-724x1024.png 724w, https:\/\/www.willewike.frl\/wp-content\/uploads\/2020\/10\/8B43723A-02BA-412D-98C3-E35DB7BBA3B2-212x300.png 212w, https:\/\/www.willewike.frl\/wp-content\/uploads\/2020\/10\/8B43723A-02BA-412D-98C3-E35DB7BBA3B2-768x1086.png 768w, https:\/\/www.willewike.frl\/wp-content\/uploads\/2020\/10\/8B43723A-02BA-412D-98C3-E35DB7BBA3B2.png 794w\" sizes=\"(max-width: 724px) 100vw, 724px\" \/><\/figure>\n\n\n\n<figure class=\"wp-block-image size-large\"><img loading=\"lazy\" decoding=\"async\" width=\"724\" height=\"1024\" src=\"https:\/\/www.willewike.frl\/wp-content\/uploads\/2020\/10\/F105BB7A-BDF6-45C2-9292-89F73D6D192F-724x1024.png\" alt=\"\" class=\"wp-image-80\" srcset=\"https:\/\/www.willewike.frl\/wp-content\/uploads\/2020\/10\/F105BB7A-BDF6-45C2-9292-89F73D6D192F-724x1024.png 724w, https:\/\/www.willewike.frl\/wp-content\/uploads\/2020\/10\/F105BB7A-BDF6-45C2-9292-89F73D6D192F-212x300.png 212w, https:\/\/www.willewike.frl\/wp-content\/uploads\/2020\/10\/F105BB7A-BDF6-45C2-9292-89F73D6D192F-768x1086.png 768w, https:\/\/www.willewike.frl\/wp-content\/uploads\/2020\/10\/F105BB7A-BDF6-45C2-9292-89F73D6D192F.png 794w\" sizes=\"(max-width: 724px) 100vw, 724px\" \/><\/figure>\n\n\n\n<figure class=\"wp-block-image size-large\"><img loading=\"lazy\" decoding=\"async\" width=\"724\" height=\"1024\" src=\"https:\/\/www.willewike.frl\/wp-content\/uploads\/2020\/10\/F1862DC1-F28F-4E6F-BDA4-0BFEA9812791-724x1024.png\" alt=\"\" class=\"wp-image-79\" srcset=\"https:\/\/www.willewike.frl\/wp-content\/uploads\/2020\/10\/F1862DC1-F28F-4E6F-BDA4-0BFEA9812791-724x1024.png 724w, https:\/\/www.willewike.frl\/wp-content\/uploads\/2020\/10\/F1862DC1-F28F-4E6F-BDA4-0BFEA9812791-212x300.png 212w, https:\/\/www.willewike.frl\/wp-content\/uploads\/2020\/10\/F1862DC1-F28F-4E6F-BDA4-0BFEA9812791-768x1086.png 768w, https:\/\/www.willewike.frl\/wp-content\/uploads\/2020\/10\/F1862DC1-F28F-4E6F-BDA4-0BFEA9812791.png 794w\" sizes=\"(max-width: 724px) 100vw, 724px\" \/><\/figure>\n","protected":false},"excerpt":{"rendered":"<p>Elts jier gean der yn elts gefal fiif begelieders mei. Twa soargje foar it \u00fbnderwiisprogramma, twa soargje foar de oare aktiviteiten en ien is algehiel begeliedend en stypjend w\u00ear nedich. Us begelieders binne dwaande mei &hellip;<\/p>\n","protected":false},"author":1,"featured_media":0,"parent":0,"menu_order":0,"comment_status":"closed","ping_status":"closed","template":"","meta":{"footnotes":""},"_links":{"self":[{"href":"https:\/\/www.willewike.frl\/index.php\/wp-json\/wp\/v2\/pages\/51"}],"collection":[{"href":"https:\/\/www.willewike.frl\/index.php\/wp-json\/wp\/v2\/pages"}],"about":[{"href":"https:\/\/www.willewike.frl\/index.php\/wp-json\/wp\/v2\/types\/page"}],"author":[{"embeddable":true,"href":"https:\/\/www.willewike.frl\/index.php\/wp-json\/wp\/v2\/users\/1"}],"replies":[{"embeddable":true,"href":"https:\/\/www.willewike.frl\/index.php\/wp-json\/wp\/v2\/comments?post=51"}],"version-history":[{"count":3,"href":"https:\/\/www.willewike.frl\/index.php\/wp-json\/wp\/v2\/pages\/51\/revisions"}],"predecessor-version":[{"id":82,"href":"https:\/\/www.willewike.frl\/index.php\/wp-json\/wp\/v2\/pages\/51\/revisions\/82"}],"wp:attachment":[{"href":"https:\/\/www.willewike.frl\/index.php\/wp-json\/wp\/v2\/media?parent=51"}],"curies":[{"name":"wp","href":"https:\/\/api.w.org\/{rel}","templated":true}]}}